{"id":24,"date":"2021-03-24T12:03:31","date_gmt":"2021-03-24T12:03:31","guid":{"rendered":"http:\/\/test.especialistasenadicciones.com.ar\/?page_id=24"},"modified":"2021-09-23T00:32:51","modified_gmt":"2021-09-23T00:32:51","slug":"filosofia-simbiotica","status":"publish","type":"page","link":"https:\/\/test.especialistasenadicciones.com.ar\/index.php\/filosofia-simbiotica\/","title":{"rendered":"Filosof\u00eda Simbi\u00f3tica"},"content":{"rendered":"\t\t<div data-elementor-type=\"wp-page\" data-elementor-id=\"24\" class=\"elementor elementor-24\">\n\t\t\t\t\t\t\t\t\t<section class=\"elementor-section elementor-top-section elementor-element elementor-element-7de3914 elementor-section-boxed elementor-section-height-default elementor-section-height-default\" data-id=\"7de3914\" data-element_type=\"section\">\n\t\t\t\t\t\t<div class=\"elementor-container elementor-column-gap-default\">\n\t\t\t\t\t<div class=\"elementor-column elementor-col-100 elementor-top-column elementor-element elementor-element-a4d3409\" data-id=\"a4d3409\" data-element_type=\"column\">\n\t\t\t<div class=\"elementor-widget-wrap elementor-element-populated\">\n\t\t\t\t\t\t\t\t<div class=\"elementor-element elementor-element-7934df4 elementor-widget elementor-widget-text-editor\" data-id=\"7934df4\" data-element_type=\"widget\" data-widget_type=\"text-editor.default\">\n\t\t\t\t<div class=\"elementor-widget-container\">\n\t\t\t\t\t\t\t<p class=\"normal\">Tiene por objetivo integrar a la persona en sus aspectos psicol\u00f3gicos, f\u00edsicos, qu\u00edmicos, subconcientes, espiritual, sentimental y energ\u00e9ticos. Con esta alineaci\u00f3n buscamos la felicidad a trav\u00e9s del equilibrio interno y externo.<\/p><p>Porqu\u00e9 Simbi\u00f3sis?<\/p><p class=\"normal\">Es la asociaci\u00f3n \u00edntima de organismos de especies diferentes o similares para beneficiarse mutuamente en su desarrollo vital.<\/p><p class=\"normal\">Relaci\u00f3n de ayuda o apoyo mutuo que se establece entre dos o m\u00e1s personas o entidades, especialmente cuando trabajan o realizan algo en com\u00fan.<\/p>\t\t\t\t\t\t<\/div>\n\t\t\t\t<\/div>\n\t\t\t\t\t<\/div>\n\t\t<\/div>\n\t\t\t\t\t\t\t<\/div>\n\t\t<\/section>\n\t\t\t\t\t\t\t<\/div>\n\t\t","protected":false},"excerpt":{"rendered":"<p>Tiene por objetivo integrar a la persona en sus aspectos psicol\u00f3gicos, f\u00edsicos, qu\u00edmicos, subconcientes, espiritual, sentimental y energ\u00e9ticos. Con esta alineaci\u00f3n buscamos la felicidad a trav\u00e9s del equilibrio interno y externo. Porqu\u00e9 Simbi\u00f3sis? Es la asociaci\u00f3n \u00edntima de organismos de especies diferentes o similares para beneficiarse mutuamente en su desarrollo vital. Relaci\u00f3n de ayuda o apoyo mutuo que se establece [&hellip;]<\/p>\n","protected":false},"author":1,"featured_media":0,"parent":0,"menu_order":0,"comment_status":"closed","ping_status":"closed","template":"","meta":{"om_disable_all_campaigns":false,"_monsterinsights_skip_tracking":false,"_monsterinsights_sitenote_active":false,"_monsterinsights_sitenote_note":"","_monsterinsights_sitenote_category":0},"_links":{"self":[{"href":"https:\/\/test.especialistasenadicciones.com.ar\/index.php\/wp-json\/wp\/v2\/pages\/24"}],"collection":[{"href":"https:\/\/test.especialistasenadicciones.com.ar\/index.php\/wp-json\/wp\/v2\/pages"}],"about":[{"href":"https:\/\/test.especialistasenadicciones.com.ar\/index.php\/wp-json\/wp\/v2\/types\/page"}],"author":[{"embeddable":true,"href":"https:\/\/test.especialistasenadicciones.com.ar\/index.php\/wp-json\/wp\/v2\/users\/1"}],"replies":[{"embeddable":true,"href":"https:\/\/test.especialistasenadicciones.com.ar\/index.php\/wp-json\/wp\/v2\/comments?post=24"}],"version-history":[{"count":7,"href":"https:\/\/test.especialistasenadicciones.com.ar\/index.php\/wp-json\/wp\/v2\/pages\/24\/revisions"}],"predecessor-version":[{"id":245,"href":"https:\/\/test.especialistasenadicciones.com.ar\/index.php\/wp-json\/wp\/v2\/pages\/24\/revisions\/245"}],"wp:attachment":[{"href":"https:\/\/test.especialistasenadicciones.com.ar\/index.php\/wp-json\/wp\/v2\/media?parent=24"}],"curies":[{"name":"wp","href":"https:\/\/api.w.org\/{rel}","templated":true}]}}