{"id":40,"date":"2021-03-24T14:05:05","date_gmt":"2021-03-24T14:05:05","guid":{"rendered":"http:\/\/test.especialistasenadicciones.com.ar\/?page_id=40"},"modified":"2022-07-15T13:30:54","modified_gmt":"2022-07-15T13:30:54","slug":"blog","status":"publish","type":"page","link":"https:\/\/test.especialistasenadicciones.com.ar\/index.php\/blog\/","title":{"rendered":"Blog"},"content":{"rendered":"\t\t<div data-elementor-type=\"wp-page\" data-elementor-id=\"40\" class=\"elementor elementor-40\">\n\t\t\t\t\t\t\t\t\t<section class=\"elementor-section elementor-top-section elementor-element elementor-element-dd8c967 elementor-section-boxed elementor-section-height-default elementor-section-height-default\" data-id=\"dd8c967\" data-element_type=\"section\">\n\t\t\t\t\t\t<div class=\"elementor-container elementor-column-gap-default\">\n\t\t\t\t\t<div class=\"elementor-column elementor-col-100 elementor-top-column elementor-element elementor-element-250b78b\" data-id=\"250b78b\" data-element_type=\"column\">\n\t\t\t<div class=\"elementor-widget-wrap elementor-element-populated\">\n\t\t\t\t\t\t\t\t<div class=\"elementor-element elementor-element-0927a49 elementor-widget elementor-widget-heading\" data-id=\"0927a49\" data-element_type=\"widget\" data-widget_type=\"heading.default\">\n\t\t\t\t<div class=\"elementor-widget-container\">\n\t\t\t<h1 class=\"elementor-heading-title elementor-size-default\">Telepat\u00eda<\/h1>\t\t<\/div>\n\t\t\t\t<\/div>\n\t\t\t\t\t<\/div>\n\t\t<\/div>\n\t\t\t\t\t\t\t<\/div>\n\t\t<\/section>\n\t\t\t\t<section class=\"elementor-section elementor-top-section elementor-element elementor-element-d6ca09a elementor-section-boxed elementor-section-height-default elementor-section-height-default\" data-id=\"d6ca09a\" data-element_type=\"section\">\n\t\t\t\t\t\t<div class=\"elementor-container elementor-column-gap-default\">\n\t\t\t\t\t<div class=\"elementor-column elementor-col-100 elementor-top-column elementor-element elementor-element-16ee96a\" data-id=\"16ee96a\" data-element_type=\"column\">\n\t\t\t<div class=\"elementor-widget-wrap elementor-element-populated\">\n\t\t\t\t\t\t\t\t<div class=\"elementor-element elementor-element-443b2a5 elementor-widget elementor-widget-text-editor\" data-id=\"443b2a5\" data-element_type=\"widget\" data-widget_type=\"text-editor.default\">\n\t\t\t\t<div class=\"elementor-widget-container\">\n\t\t\t\t\t\t\t<p>La\u00a0<strong>telepat\u00eda<\/strong>\u00a0es la\u00a0<strong>transmisi\u00f3n de contenidos ps\u00edquicos<\/strong>\u00a0entre\u00a0<a href=\"https:\/\/definicion.de\/persona\/\"><b>personas<\/b><\/a>\u00a0sin que intervengan agentes f\u00edsicos conocidos. El concepto tambi\u00e9n se utiliza para nombrar a la coincidencia de\u00a0<a href=\"https:\/\/definicion.de\/pensamiento\/\"><strong>pensamientos<\/strong><\/a> o sensaciones sin el concurso de los sentidos, lo que hace pensar que existe alg\u00fan tipo de comunicaci\u00f3n de caracter\u00edsticas desconocidas.\u00a0<\/p><p>Puede decirse, por lo tanto, que la telepat\u00eda es la\u00a0<strong>transferencia de contenidos mentales entre individuos sin el uso de alguno de los cinco sentidos<\/strong>. Se trata, por lo tanto, de una forma de percepci\u00f3n extrasensorial.<\/p><p>Es importante tener en cuenta que la existencia de la telepat\u00eda\u00a0<strong>no est\u00e1 probada de manera cient\u00edfica<\/strong>, pese a que se han realizado todo tipo de experimentos a lo largo de la\u00a0<a href=\"https:\/\/definicion.de\/historia\"><strong>historia<\/strong><\/a>. El principal argumento sobre la imposibilidad de la comunicaci\u00f3n telep\u00e1tica es que el cerebro humano no puede producir suficiente energ\u00eda para transmitir informaci\u00f3n por s\u00ed mismo.<\/p><p>Los cient\u00edficos, de todas formas, dejan la puerta abierta para que la telepat\u00eda sea una realidad en el futuro, cuando pueda desarrollarse\u00a0<a href=\"https:\/\/definicion.de\/tecnologia\"><strong>tecnolog\u00eda<\/strong><\/a>\u00a0que permita interpretar las ondas cerebrales y transformarlas en un mensaje que el receptor pueda captar de manera inal\u00e1mbrica a trav\u00e9s de un dispositivo (lo que supone, de todas formas, que no existir\u00eda la comunicaci\u00f3n directa de cerebro a cerebro).<\/p><p>Esta falta de evidencia cient\u00edfica sobre el fen\u00f3meno, sin embargo, no impide que la telepat\u00eda sea un tema frecuente en libros, pel\u00edculas y todo tipo de obras de ficci\u00f3n. Incluso muchas personas, a lo largo de la historia, se han atribuido la capacidad de\u00a0<a href=\"https:\/\/definicion.de\/comunicacion\/\"><b>comunicarse<\/b><\/a>\u00a0de manera telep\u00e1tica, pese a que no pudieran probarlo de manera fehaciente.<\/p><p>\u00a0<\/p><h4 id=\"capacidad-extrasensorial\">Capacidad extrasensorial<\/h4><p>Como ocurre con cualquier capacidad extrasensorial, con la telepat\u00eda existen dos extremos bien definidos: quienes la aprovechan para ganar dinero, a trav\u00e9s de espect\u00e1culos y servicios; aquellos que la experimentan de forma natural y la aceptan como una parte m\u00e1s de la vida. Si bien hay personas que consideran absurda la existencia de una habilidad de estas caracter\u00edsticas, esto no impide que haya otras que aseguren ser capaces de comunicarse con su entorno a trav\u00e9s de la mente, y por eso no puede descartarse la veracidad de este\u00a0<a href=\"https:\/\/definicion.de\/fenomeno\/\"><b>fen\u00f3meno<\/b><\/a>\u00a0bas\u00e1ndose simplemente en que la ciencia no haya podido llegar a una conclusi\u00f3n s\u00f3lida.<\/p><p>No es raro o\u00edr que dos amigos o hermanos aseguren anticipar las cosas que el otro va a decir o hacer, o bien que suelen darse cuenta de haber estado pensando en los mismos temas sin haber dado ning\u00fan indicio a la otra parte. Esto da lugar a una discusi\u00f3n en la que los detractores de la telepat\u00eda intentan justificar dichas coincidencias con el profundo conocimiento del otro; adem\u00e1s, este tipo de\u00a0<a href=\"https:\/\/definicion.de\/conexion\/\"><b>conexi\u00f3n<\/b><\/a>\u00a0no suele ser voluntaria, sino espont\u00e1nea, lo cual dificulta considerablemente las pruebas.<\/p><p>\u00a0<\/p><div class=\"adsfstp\"><div id=\"div-gpt-ad-1617904073287-0\" data-google-query-id=\"CK64_9__-vgCFaEzuQYdsnYL-A\"><div id=\"google_ads_iframe_\/22357687369\/in_article_1_0__container__\">\u00a0<\/div><\/div><\/div>\t\t\t\t\t\t<\/div>\n\t\t\t\t<\/div>\n\t\t\t\t\t<\/div>\n\t\t<\/div>\n\t\t\t\t\t\t\t<\/div>\n\t\t<\/section>\n\t\t\t\t\t\t\t<\/div>\n\t\t","protected":false},"excerpt":{"rendered":"<p>Telepat\u00eda La\u00a0telepat\u00eda\u00a0es la\u00a0transmisi\u00f3n de contenidos ps\u00edquicos\u00a0entre\u00a0personas\u00a0sin que intervengan agentes f\u00edsicos conocidos. El concepto tambi\u00e9n se utiliza para nombrar a la coincidencia de\u00a0pensamientos o sensaciones sin el concurso de los sentidos, lo que hace pensar que existe alg\u00fan tipo de comunicaci\u00f3n de caracter\u00edsticas desconocidas.\u00a0 Puede decirse, por lo tanto, que la telepat\u00eda es la\u00a0transferencia de contenidos mentales entre individuos sin el [&hellip;]<\/p>\n","protected":false},"author":1,"featured_media":0,"parent":0,"menu_order":0,"comment_status":"closed","ping_status":"closed","template":"elementor_header_footer","meta":{"om_disable_all_campaigns":false,"_monsterinsights_skip_tracking":false,"_monsterinsights_sitenote_active":false,"_monsterinsights_sitenote_note":"","_monsterinsights_sitenote_category":0},"_links":{"self":[{"href":"https:\/\/test.especialistasenadicciones.com.ar\/index.php\/wp-json\/wp\/v2\/pages\/40"}],"collection":[{"href":"https:\/\/test.especialistasenadicciones.com.ar\/index.php\/wp-json\/wp\/v2\/pages"}],"about":[{"href":"https:\/\/test.especialistasenadicciones.com.ar\/index.php\/wp-json\/wp\/v2\/types\/page"}],"author":[{"embeddable":true,"href":"https:\/\/test.especialistasenadicciones.com.ar\/index.php\/wp-json\/wp\/v2\/users\/1"}],"replies":[{"embeddable":true,"href":"https:\/\/test.especialistasenadicciones.com.ar\/index.php\/wp-json\/wp\/v2\/comments?post=40"}],"version-history":[{"count":10,"href":"https:\/\/test.especialistasenadicciones.com.ar\/index.php\/wp-json\/wp\/v2\/pages\/40\/revisions"}],"predecessor-version":[{"id":379,"href":"https:\/\/test.especialistasenadicciones.com.ar\/index.php\/wp-json\/wp\/v2\/pages\/40\/revisions\/379"}],"wp:attachment":[{"href":"https:\/\/test.especialistasenadicciones.com.ar\/index.php\/wp-json\/wp\/v2\/media?parent=40"}],"curies":[{"name":"wp","href":"https:\/\/api.w.org\/{rel}","templated":true}]}}