{"id":77,"date":"2021-03-24T14:21:46","date_gmt":"2021-03-24T14:21:46","guid":{"rendered":"http:\/\/test.especialistasenadicciones.com.ar\/?page_id=77"},"modified":"2023-10-12T21:51:41","modified_gmt":"2023-10-12T21:51:41","slug":"subconciente","status":"publish","type":"page","link":"https:\/\/test.especialistasenadicciones.com.ar\/index.php\/subconciente\/","title":{"rendered":"Inconsciente"},"content":{"rendered":"\t\t<div data-elementor-type=\"wp-page\" data-elementor-id=\"77\" class=\"elementor elementor-77\">\n\t\t\t\t\t\t\t\t\t<section class=\"elementor-section elementor-top-section elementor-element elementor-element-f575c2d elementor-section-full_width elementor-section-height-default elementor-section-height-default\" data-id=\"f575c2d\" data-element_type=\"section\">\n\t\t\t\t\t\t<div class=\"elementor-container elementor-column-gap-default\">\n\t\t\t\t\t<div class=\"elementor-column elementor-col-50 elementor-top-column elementor-element elementor-element-b36f921\" data-id=\"b36f921\" data-element_type=\"column\">\n\t\t\t<div class=\"elementor-widget-wrap elementor-element-populated\">\n\t\t\t\t\t\t\t\t<div class=\"elementor-element elementor-element-21d04e8 elementor-widget elementor-widget-image\" data-id=\"21d04e8\" data-element_type=\"widget\" data-widget_type=\"image.default\">\n\t\t\t\t<div class=\"elementor-widget-container\">\n\t\t\t\t\t\t\t\t\t\t\t\t\t\t\t<img width=\"300\" height=\"300\" src=\"https:\/\/test.especialistasenadicciones.com.ar\/wp-content\/uploads\/2021\/03\/mente-subconsciente-1-300x300.png\" class=\"attachment-medium size-medium\" alt=\"\" loading=\"lazy\" srcset=\"https:\/\/test.especialistasenadicciones.com.ar\/wp-content\/uploads\/2021\/03\/mente-subconsciente-1-300x300.png 300w, https:\/\/test.especialistasenadicciones.com.ar\/wp-content\/uploads\/2021\/03\/mente-subconsciente-1-1024x1024.png 1024w, https:\/\/test.especialistasenadicciones.com.ar\/wp-content\/uploads\/2021\/03\/mente-subconsciente-1-150x150.png 150w, https:\/\/test.especialistasenadicciones.com.ar\/wp-content\/uploads\/2021\/03\/mente-subconsciente-1-768x768.png 768w, https:\/\/test.especialistasenadicciones.com.ar\/wp-content\/uploads\/2021\/03\/mente-subconsciente-1.png 1080w\" sizes=\"(max-width: 300px) 100vw, 300px\" \/>\t\t\t\t\t\t\t\t\t\t\t\t\t\t\t<\/div>\n\t\t\t\t<\/div>\n\t\t\t\t\t<\/div>\n\t\t<\/div>\n\t\t\t\t<div class=\"elementor-column elementor-col-50 elementor-top-column elementor-element elementor-element-d5228d2\" data-id=\"d5228d2\" data-element_type=\"column\">\n\t\t\t<div class=\"elementor-widget-wrap elementor-element-populated\">\n\t\t\t\t\t\t\t\t<div class=\"elementor-element elementor-element-5220c83 elementor-widget elementor-widget-text-editor\" data-id=\"5220c83\" data-element_type=\"widget\" data-widget_type=\"text-editor.default\">\n\t\t\t\t<div class=\"elementor-widget-container\">\n\t\t\t\t\t\t\t<p>Es el reservorio de pensamientos, deseos y recuerdos reprimidos, inaccesibles directamente a la conciencia. Constituye la porci\u00f3n subyacente y oculta de la mente que influye poderosamente en el comportamiento humano. En este vasto reino de la psique, residen pensamientos, deseos y recuerdos reprimidos, inaccesibles a la conciencia cotidiana. Freud argumentaba que el inconsciente era la fuente de conflictos internos que moldeaban la personalidad y motivaban el comportamiento. Las experiencias traum\u00e1ticas o los impulsos socialmente inaceptables a menudo se relegan a esta regi\u00f3n, pero su influencia persiste de manera subrepticia.<\/p><div class=\"flex-1 overflow-hidden\"><div class=\"react-scroll-to-bottom--css-kujdg-79elbk h-full dark:bg-gray-800\"><div class=\"react-scroll-to-bottom--css-kujdg-1n7m0yu\"><div class=\"flex flex-col text-sm dark:bg-gray-800\"><div class=\"group final-completion w-full text-token-text-primary border-b border-black\/10 gizmo:border-0 dark:border-gray-900\/50 gizmo:dark:border-0 bg-gray-50 gizmo:bg-transparent dark:bg-[#444654] gizmo:dark:bg-transparent\" data-testid=\"conversation-turn-5\"><div class=\"p-4 justify-center text-base md:gap-6 md:py-6 m-auto\"><div class=\"flex flex-1 gap-4 text-base mx-auto md:gap-6 gizmo:gap-3 gizmo:md:px-5 gizmo:lg:px-1 gizmo:xl:px-5 md:max-w-2xl lg:max-w-[38rem] gizmo:md:max-w-3xl gizmo:lg:max-w-[40rem] gizmo:xl:max-w-[48rem] xl:max-w-3xl }\"><div class=\"relative flex w-[calc(100%-50px)] flex-col gizmo:w-full lg:w-[calc(100%-115px)] agent-turn\"><div class=\"flex-col gap-1 md:gap-3\"><div class=\"flex flex-grow flex-col gap-3 max-w-full\"><div class=\"min-h-[20px] flex flex-col items-start gap-3 whitespace-pre-wrap break-words overflow-x-auto\"><div class=\"markdown prose w-full break-words dark:prose-invert light\"><p>La exploraci\u00f3n del inconsciente es un elemento esencial en la terapia psicoanal\u00edtica, donde se utilizan herramientas como el an\u00e1lisis de sue\u00f1os y las asociaciones libres para desentra\u00f1ar los misterios de esta dimensi\u00f3n ps\u00edquica. Freud sosten\u00eda que el acceso al inconsciente pod\u00eda revelar conflictos no resueltos, facilitando as\u00ed la comprensi\u00f3n y resoluci\u00f3n de angustias emocionales. Aunque el concepto de inconsciente ha sido criticado y modificado con el tiempo, su legado persiste en la psicolog\u00eda contempor\u00e1nea, influyendo en enfoques terap\u00e9uticos y proporcionando una lente valiosa para entender las complejidades de la mente humana. En \u00faltima instancia, el inconsciente sigue siendo un territorio fascinante y crucial para comprender la motivaci\u00f3n y la formaci\u00f3n de la personalidad.<\/p><\/div><\/div><\/div><div class=\"flex justify-between empty:hidden gizmo:justify-start gizmo:gap-3 lg:block\"><div class=\"text-gray-400 flex self-end lg:self-center justify-center gizmo:lg:justify-start mt-2 gizmo:mt-0 visible lg:gap-1 lg:absolute lg:top-0 lg:translate-x-full lg:right-0 lg:mt-0 lg:pl-2 gap-2 md:gap-3\"><button class=\"flex ml-auto gizmo:ml-0 gap-2 items-center rounded-md p-1 text-xs gizmo:gap-1.5 gizmo:pl-0 dark:text-gray-400 dark:hover:bg-gray-700 dark:hover:text-gray-200 disabled:dark:hover:text-gray-400 hover:bg-gray-100 hover:text-gray-700\"><\/button><div class=\"flex gap-1 gizmo:gap-3\">\u00a0<\/div><\/div><\/div><\/div><\/div><\/div><\/div><\/div><div class=\"h-32 md:h-48 flex-shrink-0\">\u00a0<\/div><button class=\"cursor-pointer absolute z-10 rounded-full border text-gray-600 dark:border-white\/10 dark:bg-white\/10 dark:text-gray-200 right-6 bottom-[124px] md:bottom-[180px] gizmo:md:bottom-[143px] lg:bottom-[120px] border-gray-200 bg-gray-50\"><\/button><\/div><\/div><\/div><\/div><div class=\"w-full pt-2 border-t md:border-t-0 dark:border-white\/20 md:border-transparent md:dark:border-transparent md:pl-2 md:w-[calc(100%-.5rem)] absolute bottom-0 left-0 md:bg-vert-light-gradient bg-white dark:bg-gray-800 md:!bg-transparent dark:md:bg-vert-dark-gradient\"><form class=\"stretch mx-2 flex flex-row gap-3 last:mb-2 md:mx-4 md:last:mb-6 lg:mx-auto lg:max-w-2xl xl:max-w-3xl\"><div class=\"relative flex h-full flex-1 items-stretch md:flex-col\"><div><div class=\"h-full flex ml-1 md:w-full md:m-auto md:mb-4 gap-0 md:gap-2 justify-center\">\u00a0<\/div><\/div><\/div><\/form><\/div>\t\t\t\t\t\t<\/div>\n\t\t\t\t<\/div>\n\t\t\t\t\t<\/div>\n\t\t<\/div>\n\t\t\t\t\t\t\t<\/div>\n\t\t<\/section>\n\t\t\t\t\t\t\t<\/div>\n\t\t","protected":false},"excerpt":{"rendered":"<p>Es el reservorio de pensamientos, deseos y recuerdos reprimidos, inaccesibles directamente a la conciencia. Constituye la porci\u00f3n subyacente y oculta de la mente que influye poderosamente en el comportamiento humano. En este vasto reino de la psique, residen pensamientos, deseos y recuerdos reprimidos, inaccesibles a la conciencia cotidiana. Freud argumentaba que el inconsciente era la fuente de conflictos internos que [&hellip;]<\/p>\n","protected":false},"author":1,"featured_media":0,"parent":0,"menu_order":0,"comment_status":"closed","ping_status":"closed","template":"elementor_header_footer","meta":{"om_disable_all_campaigns":false,"_monsterinsights_skip_tracking":false,"_monsterinsights_sitenote_active":false,"_monsterinsights_sitenote_note":"","_monsterinsights_sitenote_category":0},"_links":{"self":[{"href":"https:\/\/test.especialistasenadicciones.com.ar\/index.php\/wp-json\/wp\/v2\/pages\/77"}],"collection":[{"href":"https:\/\/test.especialistasenadicciones.com.ar\/index.php\/wp-json\/wp\/v2\/pages"}],"about":[{"href":"https:\/\/test.especialistasenadicciones.com.ar\/index.php\/wp-json\/wp\/v2\/types\/page"}],"author":[{"embeddable":true,"href":"https:\/\/test.especialistasenadicciones.com.ar\/index.php\/wp-json\/wp\/v2\/users\/1"}],"replies":[{"embeddable":true,"href":"https:\/\/test.especialistasenadicciones.com.ar\/index.php\/wp-json\/wp\/v2\/comments?post=77"}],"version-history":[{"count":29,"href":"https:\/\/test.especialistasenadicciones.com.ar\/index.php\/wp-json\/wp\/v2\/pages\/77\/revisions"}],"predecessor-version":[{"id":403,"href":"https:\/\/test.especialistasenadicciones.com.ar\/index.php\/wp-json\/wp\/v2\/pages\/77\/revisions\/403"}],"wp:attachment":[{"href":"https:\/\/test.especialistasenadicciones.com.ar\/index.php\/wp-json\/wp\/v2\/media?parent=77"}],"curies":[{"name":"wp","href":"https:\/\/api.w.org\/{rel}","templated":true}]}}